{"id":100,"date":"2012-01-03T18:15:53","date_gmt":"2012-01-03T18:15:53","guid":{"rendered":"http:\/\/localhost\/modernize\/?page_id=100"},"modified":"2022-05-20T10:37:45","modified_gmt":"2022-05-20T08:37:45","slug":"contact","status":"publish","type":"page","link":"https:\/\/grappelli.com\/es\/contact","title":{"rendered":"Contacto"},"content":{"rendered":"<h2 style=\"text-align: left;\"><strong><span style=\"color: #000000;\">CENTRO Y ESTUDIO MUSICAL GRAPPELLI S.L.<\/span><\/strong><\/h2>\n<h3 style=\"text-align: left;\"><a href=\"https:\/\/goo.gl\/maps\/v8nQefRJBf72\" target=\"_blank\" rel=\"noopener noreferrer\">C\/ De Latina, 27. 28047 (Madrid)<\/a><\/h3>\n<h3 style=\"text-align: left;\"><span style=\"color: #333333;\">Tlf: 91 464 26 26\/ 619 669 687<br \/>\n<a href=\"mailto:info@grappelli.com\">info@grappelli.com<\/a><\/span><\/h3>\n<h3 style=\"text-align: left;\">Horario de Secretar\u00eda y atenci\u00f3n telef\u00f3nica:<\/h3>\n<h4><span style=\"font-size: 0.83em;\">17:30 &#8211; 20:00 De lunes a jueves<\/span><br \/>\n<span style=\"font-size: 0.83em;\">17:30 &#8211; 19:00 viernes<\/span><\/h4>\n<h4><span style=\"color: #333333;\">Para cualquier tipo de consulta env\u00edanos un correo, te contestaremos lo antes posible<\/span><\/h4>\n<div role=\"form\" class=\"wpcf7\" id=\"wpcf7-f4725-o1\" lang=\"es-ES\" dir=\"ltr\">\n<div class=\"screen-reader-response\"><p role=\"status\" aria-live=\"polite\" aria-atomic=\"true\"><\/p> <ul><\/ul><\/div>\n<form action=\"\/es\/wp-json\/wp\/v2\/pages\/100#wpcf7-f4725-o1\" method=\"post\" class=\"wpcf7-form init\" novalidate=\"novalidate\" data-status=\"init\">\n<div style=\"display: none;\">\n<input type=\"hidden\" name=\"_wpcf7\" value=\"4725\" \/>\n<input type=\"hidden\" name=\"_wpcf7_version\" value=\"5.3\" \/>\n<input type=\"hidden\" name=\"_wpcf7_locale\" value=\"es_ES\" \/>\n<input type=\"hidden\" name=\"_wpcf7_unit_tag\" value=\"wpcf7-f4725-o1\" \/>\n<input type=\"hidden\" name=\"_wpcf7_container_post\" value=\"0\" \/>\n<input type=\"hidden\" name=\"_wpcf7_posted_data_hash\" value=\"\" \/>\n<\/div>\n<p><label> Nombre*<br \/>\n    <span class=\"wpcf7-form-control-wrap your-name\"><input type=\"text\" name=\"your-name\" value=\"\" size=\"40\" class=\"wpcf7-form-control wpcf7-text wpcf7-validates-as-required\" aria-required=\"true\" aria-invalid=\"false\" \/><\/span> <\/label><\/p>\n<p><label> Email*<br \/>\n    <span class=\"wpcf7-form-control-wrap your-email\"><input type=\"email\" name=\"your-email\" value=\"\" size=\"40\" class=\"wpcf7-form-control wpcf7-text wpcf7-email wpcf7-validates-as-required wpcf7-validates-as-email\" aria-required=\"true\" aria-invalid=\"false\" \/><\/span> <\/label><\/p>\n<p><label> Mensaje<br \/>\n    <span class=\"wpcf7-form-control-wrap your-message\"><textarea name=\"your-message\" cols=\"40\" rows=\"10\" class=\"wpcf7-form-control wpcf7-textarea\" aria-invalid=\"false\"><\/textarea><\/span> <\/label><\/p>\n<p><input type=\"submit\" value=\"Enviar\" class=\"wpcf7-form-control wpcf7-submit\" \/><\/p>\n<div class=\"wpcf7-response-output\" aria-hidden=\"true\"><\/div><\/form><\/div>\n<a href=\"he-leido-y-acepto\" target=\"_self\" class=\"gdl-button medium\" style=\"color:#COLOR_CODE; background-color:#COLOR_CODE; \">He le\u00eddo y acepto la pol\u00edtica de protecci\u00f3n de datos<\/a>\n<p><a href=\"http:\/\/grappelli.com\/es\/aviso-legal\" target=\"_blank\" rel=\"noopener noreferrer\">AVISO LEGAL<\/a><\/p>\n","protected":false},"excerpt":{"rendered":"<p>CENTRO Y ESTUDIO MUSICAL GRAPPELLI S.L. C\/ De Latina, 27. 28047 (Madrid) Tlf: 91 464 26 26\/ 619 669 687 info@grappelli.com Horario de Secretar\u00eda y atenci\u00f3n telef\u00f3nica: 17:30 &#8211; 20:00 De lunes a jueves 17:30 &#8211; 19:00 viernes Para cualquier tipo de consulta env\u00edanos un correo, te contestaremos lo antes posible AVISO LEGAL<\/p>\n","protected":false},"author":2,"featured_media":0,"parent":0,"menu_order":0,"comment_status":"open","ping_status":"open","template":"","meta":[],"_links":{"self":[{"href":"https:\/\/grappelli.com\/es\/wp-json\/wp\/v2\/pages\/100"}],"collection":[{"href":"https:\/\/grappelli.com\/es\/wp-json\/wp\/v2\/pages"}],"about":[{"href":"https:\/\/grappelli.com\/es\/wp-json\/wp\/v2\/types\/page"}],"author":[{"embeddable":true,"href":"https:\/\/grappelli.com\/es\/wp-json\/wp\/v2\/users\/2"}],"replies":[{"embeddable":true,"href":"https:\/\/grappelli.com\/es\/wp-json\/wp\/v2\/comments?post=100"}],"version-history":[{"count":78,"href":"https:\/\/grappelli.com\/es\/wp-json\/wp\/v2\/pages\/100\/revisions"}],"predecessor-version":[{"id":5078,"href":"https:\/\/grappelli.com\/es\/wp-json\/wp\/v2\/pages\/100\/revisions\/5078"}],"wp:attachment":[{"href":"https:\/\/grappelli.com\/es\/wp-json\/wp\/v2\/media?parent=100"}],"curies":[{"name":"wp","href":"https:\/\/api.w.org\/{rel}","templated":true}]}}