{"id":1358,"date":"2012-01-08T17:53:11","date_gmt":"2012-01-08T17:53:11","guid":{"rendered":"http:\/\/themes.goodlayers.com\/modernize\/?page_id=1358"},"modified":"2025-11-14T11:20:21","modified_gmt":"2025-11-14T10:20:21","slug":"typography","status":"publish","type":"page","link":"https:\/\/grappelli.com\/es\/typography","title":{"rendered":"AUDICIONES"},"content":{"rendered":"<h3><\/h3>\n<h3>\n<blockquote class=\"#felicesaudiciones\"><a href=\"https:\/\/www.instagram.com\/cmgrappelli\/\" target=\"_blank\" rel=\"noopener noreferrer\">INSTAGRAM @cmgrappelli<\/a><\/blockquote>\n<\/h3>\n<h3><\/h3>\n<h3 style=\"text-align: center;\">22 de NOVIEMBRE 2025<br \/>\n<strong>AUDICI\u00d3N DE PIANO Y VIOL\u00cdN<\/strong><\/h3>\n<h5 style=\"text-align: center;\">C.C. SARA MONTIEL (12:00h.)<\/h5>\n<h3><\/h3>\n<p>&nbsp;<\/p>\n<h3 style=\"text-align: center;\">9 de NOVIEMBRE 2025<br \/>\n<strong>CONCIERTO. ORQUESTA SINF\u00d3NICA M\u00daSICA MAESTRO<\/strong><\/h3>\n<h5 style=\"text-align: center;\">Jard\u00edn Bot\u00e1nico \u00abLa Concepci\u00f3n\u00bb (M\u00e1laga) 12:00h.<\/h5>\n<p>&nbsp;<\/p>\n<h3 style=\"text-align: center;\">26 de ABRIL 2025<br \/>\n<strong>AUDICI\u00d3N DE PIANO, VIOL\u00cdN Y GUITARRA<\/strong><\/h3>\n<h5 style=\"text-align: center;\">C.C. SARA MONTIEL (12:00h.)<\/h5>\n<p>&nbsp;<\/p>\n<h3 style=\"text-align: center;\">27 de ABRIL 2025<br \/>\n<strong>CONCIERTO. CAMERATA ESTUDIANTES DE MADRID<\/strong><\/h3>\n<h5 style=\"text-align: center;\">AUDITORIO PACO DE LUC\u00cdA.\u00a0 (19:00h.)<br \/>\nAv\/ De las \u00c1guilas n\u00ba4. Junta Municipal de Latina<\/h5>\n<h3><\/h3>\n<p>&nbsp;<\/p>\n<h3 style=\"text-align: center;\">31 de MAYO 2025<br \/>\n<strong>CONCIERTO. ORQUESTA SINF\u00d3NICA M\u00daSICA MAESTRO<\/strong><\/h3>\n<h5 style=\"text-align: center;\">Auditorio de EL TIEMBLO (\u00c1vila) 19:00h.<\/h5>\n<p>&nbsp;<\/p>\n<h3 style=\"text-align: center;\">14 de JUNIO 2025<br \/>\n<strong>AUDICI\u00d3N DE PIANO Y VIOL\u00cdN<\/strong><\/h3>\n<h5 style=\"text-align: center;\">C.C. SARA MONTIEL (12:00h.)<\/h5>\n<div class=\"clear\"><\/div><div class=\"gdl-divider\"><div class=\"scroll-top\">#felicesaudiciones<\/div><\/div>\n<p>&nbsp;<\/p>\n<h5 style=\"text-align: center;\">\n<div style=\"max-width:WIDTHpx;\" ><iframe src=\"https:\/\/www.youtube.com\/embed\/LLRWvgQGrCo\" target=\"_blank\" rel=\"noopener noreferrer\">VER VIDEOS<\/a>?wmode=transparent\" width=\"WIDTH\" height=\"HEIGHT\" ><\/iframe><\/div>\n<\/h5>\n<h3 style=\"text-align: center;\">\n<div class=\"clear\"><\/div><div class=\"gdl-divider\"><div class=\"scroll-top\">Volver arriba<\/div><\/div>\n<\/h3>\n","protected":false},"excerpt":{"rendered":"<p>22 de NOVIEMBRE 2025 AUDICI\u00d3N DE PIANO Y VIOL\u00cdN C.C. SARA MONTIEL (12:00h.) &nbsp; 9 de NOVIEMBRE 2025 CONCIERTO. ORQUESTA SINF\u00d3NICA M\u00daSICA MAESTRO Jard\u00edn Bot\u00e1nico \u00abLa Concepci\u00f3n\u00bb (M\u00e1laga) 12:00h. &nbsp; 26 de ABRIL 2025 AUDICI\u00d3N DE PIANO, VIOL\u00cdN Y GUITARRA C.C. SARA MONTIEL (12:00h.) &nbsp; 27 de ABRIL 2025 CONCIERTO. CAMERATA ESTUDIANTES DE MADRID AUDITORIO PACO DE LUC\u00cdA.\u00a0 (19:00h.) Av\/ De las \u00c1guilas n\u00ba4. Junta Municipal de Latina &nbsp; 31 de MAYO 2025 CONCIERTO. ORQUESTA SINF\u00d3NICA M\u00daSICA MAESTRO Auditorio de EL TIEMBLO (\u00c1vila) 19:00h. &nbsp; 14 de JUNIO 2025 AUDICI\u00d3N DE PIANO Y VIOL\u00cdN C.C. SARA MONTIEL (12:00h.) &nbsp;<\/p>\n","protected":false},"author":2,"featured_media":0,"parent":0,"menu_order":0,"comment_status":"open","ping_status":"open","template":"","meta":[],"_links":{"self":[{"href":"https:\/\/grappelli.com\/es\/wp-json\/wp\/v2\/pages\/1358"}],"collection":[{"href":"https:\/\/grappelli.com\/es\/wp-json\/wp\/v2\/pages"}],"about":[{"href":"https:\/\/grappelli.com\/es\/wp-json\/wp\/v2\/types\/page"}],"author":[{"embeddable":true,"href":"https:\/\/grappelli.com\/es\/wp-json\/wp\/v2\/users\/2"}],"replies":[{"embeddable":true,"href":"https:\/\/grappelli.com\/es\/wp-json\/wp\/v2\/comments?post=1358"}],"version-history":[{"count":192,"href":"https:\/\/grappelli.com\/es\/wp-json\/wp\/v2\/pages\/1358\/revisions"}],"predecessor-version":[{"id":5207,"href":"https:\/\/grappelli.com\/es\/wp-json\/wp\/v2\/pages\/1358\/revisions\/5207"}],"wp:attachment":[{"href":"https:\/\/grappelli.com\/es\/wp-json\/wp\/v2\/media?parent=1358"}],"curies":[{"name":"wp","href":"https:\/\/api.w.org\/{rel}","templated":true}]}}