{"id":269,"date":"2012-01-05T18:25:01","date_gmt":"2012-01-05T18:25:01","guid":{"rendered":"http:\/\/localhost\/modernize\/?page_id=269"},"modified":"2021-05-18T14:23:06","modified_gmt":"2021-05-18T12:23:06","slug":"portfolio-4-columns-2","status":"publish","type":"page","link":"https:\/\/grappelli.com\/es\/portfolio-4-columns-2","title":{"rendered":"EL CENTRO"},"content":{"rendered":"<h3>UNA FILOSOF\u00cdA DE ENSE\u00d1ANZA MUSICAL MODERNA Y PERSONALIZADA<\/h3>\n<h4>Los alumnos y alumnas que comienzan sus estudios en nuestro centro reciben todos los recursos pedag\u00f3gicos necesarios y contemplados en la ense\u00f1anza musical reglada para que \u00e9ste en alg\u00fan momento de su formaci\u00f3n pueda superar con \u00e9xito las pruebas de acceso en la \u00fanica instituci\u00f3n de Ense\u00f1anza Oficial, el Conservatorio Profesional, y obtener en su Grado Superior la Licenciatura en su instrumento.<\/h4>\n<h4>A los alumnos adultos, que descubren o se acercan de nuevo a la m\u00fasica desde otra perspectiva tanto interpretativa como de an\u00e1lisis musical, les facilitamos un aprendizaje de lectura y t\u00e9cnica instrumental paralelo. Nunca es tarde para aprender a tocar un instrumento y disfrutar de la m\u00fasica.<\/h4>\n<h4>Los profesores del Centro Musical Grappelli poseen la titulaci\u00f3n en Grado Superior de su especialidad.<\/h4>\n","protected":false},"excerpt":{"rendered":"<p>UNA FILOSOF\u00cdA DE ENSE\u00d1ANZA MUSICAL MODERNA Y PERSONALIZADA Los alumnos y alumnas que comienzan sus estudios en nuestro centro reciben todos los recursos pedag\u00f3gicos necesarios y contemplados en la ense\u00f1anza musical reglada para que \u00e9ste en alg\u00fan momento de su formaci\u00f3n pueda superar con \u00e9xito las pruebas de acceso en la \u00fanica instituci\u00f3n de Ense\u00f1anza Oficial, el Conservatorio Profesional, y obtener en su Grado Superior la Licenciatura en su instrumento. A los alumnos adultos, que descubren o se acercan de nuevo a la m\u00fasica desde otra perspectiva tanto interpretativa como de an\u00e1lisis musical, les facilitamos un aprendizaje de lectura y t\u00e9cnica instrumental paralelo. Nunca es tarde para aprender a tocar un instrumento y disfrutar de la m\u00fasica. Los profesores del Centro Musical Grappelli poseen la titulaci\u00f3n en Grado Superior de su especialidad.<\/p>\n","protected":false},"author":2,"featured_media":0,"parent":0,"menu_order":0,"comment_status":"open","ping_status":"open","template":"","meta":[],"_links":{"self":[{"href":"https:\/\/grappelli.com\/es\/wp-json\/wp\/v2\/pages\/269"}],"collection":[{"href":"https:\/\/grappelli.com\/es\/wp-json\/wp\/v2\/pages"}],"about":[{"href":"https:\/\/grappelli.com\/es\/wp-json\/wp\/v2\/types\/page"}],"author":[{"embeddable":true,"href":"https:\/\/grappelli.com\/es\/wp-json\/wp\/v2\/users\/2"}],"replies":[{"embeddable":true,"href":"https:\/\/grappelli.com\/es\/wp-json\/wp\/v2\/comments?post=269"}],"version-history":[{"count":106,"href":"https:\/\/grappelli.com\/es\/wp-json\/wp\/v2\/pages\/269\/revisions"}],"predecessor-version":[{"id":4894,"href":"https:\/\/grappelli.com\/es\/wp-json\/wp\/v2\/pages\/269\/revisions\/4894"}],"wp:attachment":[{"href":"https:\/\/grappelli.com\/es\/wp-json\/wp\/v2\/media?parent=269"}],"curies":[{"name":"wp","href":"https:\/\/api.w.org\/{rel}","templated":true}]}}