{"id":3588,"date":"2013-05-09T11:47:21","date_gmt":"2013-05-09T11:47:21","guid":{"rendered":"http:\/\/grappelli.com\/es\/?page_id=3588"},"modified":"2025-05-19T19:09:22","modified_gmt":"2025-05-19T17:09:22","slug":"violin","status":"publish","type":"page","link":"https:\/\/grappelli.com\/es\/violin","title":{"rendered":"VIOL\u00cdN"},"content":{"rendered":"<h2 style=\"text-align: center;\">Clases individuales de 30 minutos (grado elemental)<br \/>\nClases individuales de 1 hora (grado profesional)<\/h2>\n<h2>\u00bfSab\u00edas que&#8230;<\/h2>\n<h4>Los padres o tutores de los alumnos deben presenciar las clases y anotar las indicaciones que el profesor\/a se\u00f1ale en cada clase?<br \/>\nLos puntos de ense\u00f1anza se\u00f1alados y aprendidos cada semana deben ser trabajados diariamente en casa bajo la supervisi\u00f3n de los padres que ejercen el papel de gu\u00eda.<\/h4>\n<h2>Adem\u00e1s&#8230;<\/h2>\n<h4>Peri\u00f3dicamente se realizan clases colectivas de viol\u00edn, cada grupo est\u00e1 formado por un n\u00famero m\u00e1ximo de diez alumnos y los padres asisten a las clases para acompa\u00f1ar a sus hijos en el proceso de aprendizaje.<br \/>\nTodos los meses se realizan <a href=\"http:\/\/grappelli.com\/es\/typography\" target=\"_blank\" rel=\"noopener noreferrer\">audiciones<\/a>, momentos muy especiales donde nuestros alumnos y alumnas tienen la oportunidad de interpretar ante el p\u00fablico y \u00e9ste ser testigo del proceso de aprendizaje de todos ellos.<\/h4>\n<h4>\n<div class=\"clear\"><\/div><div class=\"gdl-divider\"><div class=\"scroll-top\">AUDICI\u00d3N DE VIOL\u00cdN, DICIEMBRE 2020<\/div><\/div>\n<\/h4>\n<h3>\n<div style=\"max-width:WIDTHpx;\" ><iframe src=\"https:\/\/www.youtube.com\/embed\/mkM_qI8lpwA\" target=\"_blank\" rel=\"noopener noreferrer\">PLACE_LINK_HERE<\/a>?wmode=transparent\" width=\"WIDTH\" height=\"HEIGHT\" ><\/iframe><\/div>\n<\/h3>\n<h4>\n<div class=\"clear\"><\/div><div class=\"gdl-divider\"><div class=\"scroll-top\">CENTRO MUSICAL GRAPPELLI<\/div><\/div>\n<\/h4>\n<h1 style=\"text-align: center;\">CENTRO MUSICAL GRAPPELLI<\/h1>\n<h2>Formaci\u00f3n instrumental<\/h2>\n<h4>Formaci\u00f3n instrumental b\u00e1sica, de 4 a 5 a\u00f1os de edad<br \/>\nFormaci\u00f3n instrumental elemental, de los 6 a los 11 a\u00f1os de edad<br \/>\nFormaci\u00f3n instrumental profesional, de los 12 a los 17 a\u00f1os de edad<\/h4>\n<h2>Formaci\u00f3n instrumental b\u00e1sica<\/h2>\n<h4>En este periodo de formaci\u00f3n los alumnos y alumnas toman contacto con el viol\u00edn de manera l\u00fadica, aprenden la din\u00e1mica de la clase, conocen el instrumento, aprenden a repetir, imitar, memorizar, concentrarse, esforzarse, superarse y dirigir el foco de atenci\u00f3n que exige la disciplina musical instrumental.<br \/>\nLas clases colectivas est\u00e1n dirigidas a conocer, practicar y desarrollar el trabajo en grupo, el espacio y los resultados en equipo, a la vez que van adquiriendo el sentido musical de tempo, ritmo y din\u00e1micas.<br \/>\nTienen innumerables ocasiones de interpretar y expresarse ante sus compa\u00f1eros, de aprender a compartir el espacio, el respeto, el silencio, la disciplina y la exigencia del otro.<br \/>\nLas clases colectivas abarcan desde ejercicios t\u00e9cnicos propios del instrumento al aprendizaje de repertorio y acercamiento a la improvisaci\u00f3n.<br \/>\nLa improvisaci\u00f3n juega un papel importante en el Centro Musical Grappelli, pues los j\u00f3venes m\u00fasicos descubren la libertad en la interpretaci\u00f3n musical, encuentran en el viol\u00edn una forma de expresi\u00f3n con el que disfrutar en grupo, descubriendo nuevas posibilidades, sonidos, armon\u00edas&#8230;resultados incre\u00edbles que har\u00e1n de la m\u00fasica un valor fundamental en sus vidas.<\/h4>\n<h2>Formaci\u00f3n instrumental elemental<\/h2>\n<h4>En los primeros a\u00f1os de formaci\u00f3n elemental conocen el lenguaje musical, es decir, todo lo que interpretaban de memoria comienza a ser interpretado leyendo la partitura, aunque el ejercicio de memorizaci\u00f3n no lo abandonamos nunca.<br \/>\nEs el momento en el que se incluye al repertorio ejercicios de t\u00e9cnica y obras le\u00eddas.<br \/>\nDurante los cuatro a\u00f1os que dura este periodo trabajar\u00e1n m\u00e9todos y estudios que les permitir\u00e1 madurar, interpretar y desarrollar su musicalidad con garant\u00edas frente a la exigente grado profesional.<\/h4>\n<h4>Desde el cuatro a\u00f1o de grado elemental nuestros alumnos y alumnas pasan a formar parte del proyecto fundacional de \u00abEducaci\u00f3n Orquestal\u00bb de nuestra <a href=\"https:\/\/www.fundacionmusicamaestro.com\/\" target=\"_blank\" rel=\"noopener noreferrer\">Fundaci\u00f3n M\u00fasica Maestro<\/a> constituida en 2012. (para m\u00e1s informaci\u00f3n, ver enlace)<br \/>\nLa primera agrupaci\u00f3n en este periodo es la <a href=\"https:\/\/www.fundacionmusicamaestro.com\/camerata-estudiantesmadrid\" target=\"_blank\" rel=\"noopener noreferrer\">Camerata Estudiantes de Madrid<\/a><\/h4>\n<h2>Formaci\u00f3n instrumental profesional<\/h2>\n<h4>Es el periodo de formaci\u00f3n en el que el alumno comienza a definir su proyecci\u00f3n musical, si bien con aspiraciones profesionales o amateur.<br \/>\nEn este periodo, y dentro del programa de \u00abeducaci\u00f3n orquestal\u00bb de la Fundaci\u00f3n M\u00fasica Maestro, tendr\u00e1n acceso a la <a href=\"https:\/\/www.fundacionmusicamaestro.com\/camerata-de-cuerdas\" target=\"_blank\" rel=\"noopener noreferrer\">Orquesta de Cuerdas<\/a> de la Fundaci\u00f3n, la <a href=\"https:\/\/fundacionmusicamaestro.com\/camerata-estudiantesmadrid\" target=\"_blank\" rel=\"noopener noreferrer\">Camerata Estudiantes de Madrid<\/a> y la <a href=\"https:\/\/www.fundacionmusicamaestro.com\/orquesta-sinfonica\" target=\"_blank\" rel=\"noopener noreferrer\">Orquesta Sinf\u00f3nica M\u00fasica Maestro<\/a>.<br \/>\nDurante estos seis a\u00f1os de formaci\u00f3n profesional desarrollan todos los puntos t\u00e9cnicos e interpretativos individuales necesarios, junto a la asistencia a las master class, cursos de perfeccionamiento, encuentros orquestales, conciertos, recitales&#8230;etc.<br \/>\nNuestro objetivo no s\u00f3lo es el de formar futuros m\u00fasicos profesionales, sino tambi\u00e9n m\u00fasicos que aunque no contin\u00faan los estudios superiores puedan disfrutar de la m\u00fasica toda la vida, participando activamente en las orquestas en las que se han formado, haciendo m\u00fasica con amigos, disfrutando de conciertos y convirti\u00e9ndose en un p\u00fablico con criterio y formaci\u00f3n.<\/h4>\n<h3 style=\"text-align: left;\"><b><br \/>\n<\/b><b><\/p>\n<div class=\"clear\"><\/div><div class=\"gdl-divider\"><div class=\"scroll-top\">Volver arriba<\/div><\/div>\n<p><\/b><\/h3>\n<p>&nbsp;<\/p>\n<h5><\/h5>\n","protected":false},"excerpt":{"rendered":"<p>Clases individuales de 30 minutos (grado elemental) Clases individuales de 1 hora (grado profesional) \u00bfSab\u00edas que&#8230; Los padres o tutores de los alumnos deben presenciar las clases y anotar las indicaciones que el profesor\/a se\u00f1ale en cada clase? Los puntos de ense\u00f1anza se\u00f1alados y aprendidos cada semana deben ser trabajados diariamente en casa bajo la supervisi\u00f3n de los padres que ejercen el papel de gu\u00eda. Adem\u00e1s&#8230; Peri\u00f3dicamente se realizan clases colectivas de viol\u00edn, cada grupo est\u00e1 formado por un n\u00famero m\u00e1ximo de diez alumnos y los padres asisten a las clases para acompa\u00f1ar a sus hijos en el proceso de aprendizaje. Todos los meses se realizan audiciones, momentos muy especiales donde nuestros alumnos y alumnas tienen la oportunidad de interpretar ante el p\u00fablico y \u00e9ste ser testigo del proceso de aprendizaje de todos ellos. CENTRO MUSICAL GRAPPELLI Formaci\u00f3n instrumental Formaci\u00f3n instrumental b\u00e1sica, de 4 a 5 a\u00f1os de edad Formaci\u00f3n instrumental elemental, de los 6 a los 11 a\u00f1os de edad Formaci\u00f3n instrumental profesional, de los 12 a los 17 a\u00f1os de edad Formaci\u00f3n instrumental b\u00e1sica En este periodo de formaci\u00f3n los alumnos y alumnas toman contacto con el viol\u00edn de manera l\u00fadica, aprenden la din\u00e1mica de la clase, conocen el instrumento, aprenden a repetir, imitar, memorizar, concentrarse, esforzarse, superarse y dirigir el foco de atenci\u00f3n que exige la disciplina musical instrumental. Las clases colectivas est\u00e1n dirigidas a conocer, practicar y desarrollar el trabajo en grupo, el espacio y los resultados en equipo, a la vez que van adquiriendo el sentido musical de tempo, ritmo y din\u00e1micas. Tienen innumerables ocasiones de interpretar y expresarse ante sus compa\u00f1eros, de aprender a compartir el espacio, el respeto, el silencio, la disciplina y la exigencia del otro. Las clases colectivas abarcan desde ejercicios t\u00e9cnicos propios del instrumento al aprendizaje de repertorio y acercamiento a la improvisaci\u00f3n. La improvisaci\u00f3n juega un papel importante en el Centro Musical Grappelli, pues los j\u00f3venes m\u00fasicos descubren la libertad en la interpretaci\u00f3n musical, encuentran en el viol\u00edn una forma de expresi\u00f3n con el que disfrutar en grupo, descubriendo nuevas posibilidades, sonidos, armon\u00edas&#8230;resultados incre\u00edbles que har\u00e1n de la m\u00fasica un valor fundamental en sus vidas. Formaci\u00f3n instrumental elemental En los primeros a\u00f1os de formaci\u00f3n elemental conocen el lenguaje musical, es decir, todo lo que interpretaban de memoria comienza a ser interpretado leyendo la partitura, aunque el ejercicio de memorizaci\u00f3n no lo abandonamos nunca. Es el momento en el que se incluye al repertorio ejercicios de t\u00e9cnica y obras le\u00eddas. Durante los cuatro a\u00f1os que dura este periodo trabajar\u00e1n m\u00e9todos y estudios que les permitir\u00e1 madurar, interpretar y desarrollar su musicalidad con garant\u00edas frente a la exigente grado profesional. Desde el cuatro a\u00f1o de grado elemental nuestros alumnos y alumnas pasan a formar parte del proyecto fundacional de \u00abEducaci\u00f3n Orquestal\u00bb de nuestra Fundaci\u00f3n M\u00fasica Maestro constituida en 2012. (para m\u00e1s informaci\u00f3n, ver enlace) La primera agrupaci\u00f3n en este periodo es la Camerata Estudiantes de Madrid Formaci\u00f3n instrumental profesional Es el periodo de formaci\u00f3n en el que el alumno comienza a definir su proyecci\u00f3n musical, si bien con aspiraciones profesionales o amateur. En este periodo, y dentro del programa de \u00abeducaci\u00f3n orquestal\u00bb de la Fundaci\u00f3n M\u00fasica Maestro, tendr\u00e1n acceso a la Orquesta de Cuerdas de la Fundaci\u00f3n, la Camerata Estudiantes de Madrid y la Orquesta Sinf\u00f3nica M\u00fasica Maestro. Durante estos seis a\u00f1os de formaci\u00f3n profesional desarrollan todos los puntos t\u00e9cnicos e interpretativos individuales necesarios, junto a la asistencia a las master class, cursos de perfeccionamiento, encuentros orquestales, conciertos, recitales&#8230;etc. Nuestro objetivo no s\u00f3lo es el de formar futuros m\u00fasicos profesionales, sino tambi\u00e9n m\u00fasicos que aunque no contin\u00faan los estudios superiores puedan disfrutar de la m\u00fasica toda la vida, participando activamente en las orquestas en las que se han formado, haciendo m\u00fasica con amigos, disfrutando de conciertos y convirti\u00e9ndose en un p\u00fablico con criterio y formaci\u00f3n. &nbsp;<\/p>\n","protected":false},"author":2,"featured_media":0,"parent":0,"menu_order":0,"comment_status":"open","ping_status":"open","template":"","meta":[],"_links":{"self":[{"href":"https:\/\/grappelli.com\/es\/wp-json\/wp\/v2\/pages\/3588"}],"collection":[{"href":"https:\/\/grappelli.com\/es\/wp-json\/wp\/v2\/pages"}],"about":[{"href":"https:\/\/grappelli.com\/es\/wp-json\/wp\/v2\/types\/page"}],"author":[{"embeddable":true,"href":"https:\/\/grappelli.com\/es\/wp-json\/wp\/v2\/users\/2"}],"replies":[{"embeddable":true,"href":"https:\/\/grappelli.com\/es\/wp-json\/wp\/v2\/comments?post=3588"}],"version-history":[{"count":75,"href":"https:\/\/grappelli.com\/es\/wp-json\/wp\/v2\/pages\/3588\/revisions"}],"predecessor-version":[{"id":5180,"href":"https:\/\/grappelli.com\/es\/wp-json\/wp\/v2\/pages\/3588\/revisions\/5180"}],"wp:attachment":[{"href":"https:\/\/grappelli.com\/es\/wp-json\/wp\/v2\/media?parent=3588"}],"curies":[{"name":"wp","href":"https:\/\/api.w.org\/{rel}","templated":true}]}}