{"id":3589,"date":"2013-05-09T11:47:31","date_gmt":"2013-05-09T11:47:31","guid":{"rendered":"http:\/\/grappelli.com\/es\/?page_id=3589"},"modified":"2021-06-08T16:54:45","modified_gmt":"2021-06-08T14:54:45","slug":"piano","status":"publish","type":"page","link":"https:\/\/grappelli.com\/es\/piano","title":{"rendered":"PIANO"},"content":{"rendered":"<p>&nbsp;<\/p>\n<h2 style=\"text-align: center;\">Clases individuales de 30 minutos (grado elemental)<br \/>\nClases individuales de 1 hora (grado profesional)<\/h2>\n<h2>\u00bfSab\u00edas que&#8230;<\/h2>\n<h4>Los padres o tutores de los alumnos deben presenciar las clases y anotar las indicaciones que el profesor o profesora se\u00f1ale en cada clase.<br \/>\nLos puntos de ense\u00f1anza se\u00f1alados y aprendidos cada semana deben ser trabajados en casa bajo la supervisi\u00f3n de los padres que ejercen el papel de gu\u00eda.<\/h4>\n<h2>Adem\u00e1s&#8230;<\/h2>\n<h4>Todos los meses se realizan audiciones, momentos muy especiales donde nuestros alumnos y alumnas tienen la oportunidad de interpretar ante el p\u00fablico y \u00e9ste ser testigo del proceso de aprendizaje de todos ellos.<\/h4>\n<h4>\n<div class=\"clear\"><\/div><div class=\"gdl-divider\"><div class=\"scroll-top\">AUDICI\u00d3N DE PIANO, DICIEMBRE 2020<\/div><\/div>\n<\/h4>\n<h3>\n<div style=\"max-width:WIDTHpx;\" ><iframe src=\"https:\/\/www.youtube.com\/embed\/LLRWvgQGrCo\" target=\"_blank\" rel=\"noopener noreferrer\">PLACE_LINK_HERE<\/a>?wmode=transparent\" width=\"WIDTH\" height=\"HEIGHT\" ><\/iframe><\/div>\n<\/h3>\n<h4>\n<div class=\"clear\"><\/div><div class=\"gdl-divider\"><div class=\"scroll-top\">CENTRO MUSICAL GRAPPELLI<\/div><\/div>\n<\/h4>\n<h2>Formaci\u00f3n instrumental<\/h2>\n<h4>Formaci\u00f3n instrumental b\u00e1sica, de 4 a 5 a\u00f1os de edad<br \/>\nFormaci\u00f3n instrumental elemental, de los 6 a los 11 a\u00f1os de edad<br \/>\nFormaci\u00f3n instrumental profesional, de los 12 a los 17 a\u00f1os de edad<\/h4>\n<h2>Formaci\u00f3n instrumental b\u00e1sica<\/h2>\n<h4>En este periodo de formaci\u00f3n los alumnos y alumnas toman contacto con el viol\u00edn de manera l\u00fadica, aprenden la din\u00e1mica de la clase, conocen el instrumento, aprenden a repetir, imitar, memorizar, concentrarse, esforzarse, superarse y dirigir el foco de atenci\u00f3n que exige la disciplina musical instrumental.<\/h4>\n<h4>La improvisaci\u00f3n juega un papel importante en el Centro Musical Grappelli, pues los j\u00f3venes m\u00fasicos descubren la libertad en la interpretaci\u00f3n musical, encuentran en el piano una forma de expresi\u00f3n con el que disfrutar, componer, descubriendo nuevas posibilidades, sonidos, armon\u00edas&#8230;resultados incre\u00edbles que har\u00e1n de la m\u00fasica un valor fundamental en sus vidas.<\/h4>\n<h2>Formaci\u00f3n instrumental elemental<\/h2>\n<h4>En los primeros a\u00f1os de formaci\u00f3n elemental conocen el lenguaje musical, es decir, todo lo que interpretaban de memoria comienza a ser interpretado leyendo la partitura, aunque el ejercicio de memorizaci\u00f3n no lo abandonamos nunca.<br \/>\nEs el momento en el que se incluye al repertorio ejercicios de t\u00e9cnica y obras le\u00eddas.<br \/>\nDurante los cuatro a\u00f1os que dura este periodo trabajar\u00e1n m\u00e9todos y estudios que les permitir\u00e1 madurar, interpretar y desarrollar su musicalidad con garant\u00edas frente a la exigente grado profesional.<\/h4>\n<h2>Formaci\u00f3n instrumental profesional<\/h2>\n<h4>Es el periodo de formaci\u00f3n en el que el alumno comienza a definir su proyecci\u00f3n musical, si bien con aspiraciones profesionales o amateur.<br \/>\nDurante estos seis a\u00f1os de formaci\u00f3n profesional desarrollan todos los puntos t\u00e9cnicos e interpretativos individuales necesarios, junto a la asistencia a las master class, cursos de perfeccionamiento, conciertos, recitales&#8230;etc.<br \/>\nNuestro objetivo no s\u00f3lo es el de formar futuros m\u00fasicos profesionales, sino tambi\u00e9n m\u00fasicos que aunque no contin\u00faan los estudios superiores puedan disfrutar de la m\u00fasica toda la vida, componiendo, creando proyectos musicales, haciendo m\u00fasica con amigos, disfrutando de conciertos y convirti\u00e9ndose en un p\u00fablico con criterio y formaci\u00f3n.<\/h4>\n<h3 style=\"text-align: left;\"><b><br \/>\n<\/b><b><\/p>\n<div class=\"clear\"><\/div><div class=\"gdl-divider\"><div class=\"scroll-top\">Volver arriba<\/div><\/div>\n<p><\/b><\/h3>\n<p>&nbsp;<\/p>\n","protected":false},"excerpt":{"rendered":"<p>&nbsp; Clases individuales de 30 minutos (grado elemental) Clases individuales de 1 hora (grado profesional) \u00bfSab\u00edas que&#8230; Los padres o tutores de los alumnos deben presenciar las clases y anotar las indicaciones que el profesor o profesora se\u00f1ale en cada clase. Los puntos de ense\u00f1anza se\u00f1alados y aprendidos cada semana deben ser trabajados en casa bajo la supervisi\u00f3n de los padres que ejercen el papel de gu\u00eda. Adem\u00e1s&#8230; Todos los meses se realizan audiciones, momentos muy especiales donde nuestros alumnos y alumnas tienen la oportunidad de interpretar ante el p\u00fablico y \u00e9ste ser testigo del proceso de aprendizaje de todos ellos. Formaci\u00f3n instrumental Formaci\u00f3n instrumental b\u00e1sica, de 4 a 5 a\u00f1os de edad Formaci\u00f3n instrumental elemental, de los 6 a los 11 a\u00f1os de edad Formaci\u00f3n instrumental profesional, de los 12 a los 17 a\u00f1os de edad Formaci\u00f3n instrumental b\u00e1sica En este periodo de formaci\u00f3n los alumnos y alumnas toman contacto con el viol\u00edn de manera l\u00fadica, aprenden la din\u00e1mica de la clase, conocen el instrumento, aprenden a repetir, imitar, memorizar, concentrarse, esforzarse, superarse y dirigir el foco de atenci\u00f3n que exige la disciplina musical instrumental. La improvisaci\u00f3n juega un papel importante en el Centro Musical Grappelli, pues los j\u00f3venes m\u00fasicos descubren la libertad en la interpretaci\u00f3n musical, encuentran en el piano una forma de expresi\u00f3n con el que disfrutar, componer, descubriendo nuevas posibilidades, sonidos, armon\u00edas&#8230;resultados incre\u00edbles que har\u00e1n de la m\u00fasica un valor fundamental en sus vidas. Formaci\u00f3n instrumental elemental En los primeros a\u00f1os de formaci\u00f3n elemental conocen el lenguaje musical, es decir, todo lo que interpretaban de memoria comienza a ser interpretado leyendo la partitura, aunque el ejercicio de memorizaci\u00f3n no lo abandonamos nunca. Es el momento en el que se incluye al repertorio ejercicios de t\u00e9cnica y obras le\u00eddas. Durante los cuatro a\u00f1os que dura este periodo trabajar\u00e1n m\u00e9todos y estudios que les permitir\u00e1 madurar, interpretar y desarrollar su musicalidad con garant\u00edas frente a la exigente grado profesional. Formaci\u00f3n instrumental profesional Es el periodo de formaci\u00f3n en el que el alumno comienza a definir su proyecci\u00f3n musical, si bien con aspiraciones profesionales o amateur. Durante estos seis a\u00f1os de formaci\u00f3n profesional desarrollan todos los puntos t\u00e9cnicos e interpretativos individuales necesarios, junto a la asistencia a las master class, cursos de perfeccionamiento, conciertos, recitales&#8230;etc. Nuestro objetivo no s\u00f3lo es el de formar futuros m\u00fasicos profesionales, sino tambi\u00e9n m\u00fasicos que aunque no contin\u00faan los estudios superiores puedan disfrutar de la m\u00fasica toda la vida, componiendo, creando proyectos musicales, haciendo m\u00fasica con amigos, disfrutando de conciertos y convirti\u00e9ndose en un p\u00fablico con criterio y formaci\u00f3n. &nbsp;<\/p>\n","protected":false},"author":2,"featured_media":0,"parent":0,"menu_order":0,"comment_status":"open","ping_status":"open","template":"","meta":[],"_links":{"self":[{"href":"https:\/\/grappelli.com\/es\/wp-json\/wp\/v2\/pages\/3589"}],"collection":[{"href":"https:\/\/grappelli.com\/es\/wp-json\/wp\/v2\/pages"}],"about":[{"href":"https:\/\/grappelli.com\/es\/wp-json\/wp\/v2\/types\/page"}],"author":[{"embeddable":true,"href":"https:\/\/grappelli.com\/es\/wp-json\/wp\/v2\/users\/2"}],"replies":[{"embeddable":true,"href":"https:\/\/grappelli.com\/es\/wp-json\/wp\/v2\/comments?post=3589"}],"version-history":[{"count":28,"href":"https:\/\/grappelli.com\/es\/wp-json\/wp\/v2\/pages\/3589\/revisions"}],"predecessor-version":[{"id":4951,"href":"https:\/\/grappelli.com\/es\/wp-json\/wp\/v2\/pages\/3589\/revisions\/4951"}],"wp:attachment":[{"href":"https:\/\/grappelli.com\/es\/wp-json\/wp\/v2\/media?parent=3589"}],"curies":[{"name":"wp","href":"https:\/\/api.w.org\/{rel}","templated":true}]}}