{"id":3591,"date":"2013-05-09T11:48:07","date_gmt":"2013-05-09T11:48:07","guid":{"rendered":"http:\/\/grappelli.com\/es\/?page_id=3591"},"modified":"2020-11-16T11:02:56","modified_gmt":"2020-11-16T10:02:56","slug":"preinstrumental","status":"publish","type":"page","link":"https:\/\/grappelli.com\/es\/preinstrumental","title":{"rendered":"PREINSTRUMENTAL"},"content":{"rendered":"<h4><span style=\"color: #ffcc00;\"><span style=\"color: #000000;\">El<\/span> <span style=\"color: #000000;\">Centro Musical Grappelli<\/span><\/span> ofrece un sistema de aprendizaje en el que los ni\u00f1os de 3 a 5 a\u00f1os de edad se involucran y disfrutan. Este programa est\u00e1\u00a0basado en investigaciones y en la experiencia del Centro durante los m\u00e1s de veinte a\u00f1os que viene realizando programas de m\u00fasica Preinstrumental para ni\u00f1os.<\/h4>\n<h4>Las investigaciones y la experiencia demuestran que utilizando el movimiento aumenta la habilidad de los ni\u00f1os de retener el conocimiento. Todo esto ofrece a los ni\u00f1os excelentes oportunidades de convertirse en estudiantes acad\u00e9micos y musicales confiados, y que adem\u00e1s lo expresen con m\u00e1s naturalidad.<\/h4>\n<h4>El programa tambi\u00e9n ense\u00f1a importantes habilidades de auto-regulaci\u00f3n y sociales, as\u00ed como habilidades de escucha, respuesta, trabajo en equipo y de respeto.<\/h4>\n<h4>Las experiencias musicales que el ni\u00f1o adquiere durante esta primera etapa de su formaci\u00f3n, en la que necesita muchos y variados est\u00edmulos, le facilitar\u00e1n las facultades necesarias para otros aprendizajes, contribuir\u00e1n al desarrollo de su personalidad y despertar\u00e1n su sensibilidad est\u00e9tica.<\/h4>\n<h4>El principal objetivo de esta clase es que los alumnos disfruten plenamente de la actividad musical al tiempo que desarrollan sus capacidades: afectivas, sociales, intelectuales, motoras, creativas&#8230;<\/h4>\n<h4>Para alcanzar este objetivo el aprendizaje se realiza a trav\u00e9s del juego, empleando materiales y desarrollando actividades que resultan atractivas y tienen un especial significado para los m\u00e1s peque\u00f1os: cuentos, juegos, canciones infantiles, danzas, rimas y poemas, dibujos, im\u00e1genes\u2026<\/h4>\n<h4>Los alumnos y alumnas participantes de esta actividad son quienes posteriormente acceden a las clases de instrumento individual, si bien puede ser tomada tambi\u00e9n como otra opci\u00f3n musical, es decir, un contacto temprano con la m\u00fasica pero sin el compromiso de emprender en un futuro el aprendizaje de un instrumento.<\/h4>\n<h4>Las clases se imparten en grupos reducidos de 6 a 8 alumnos.<br \/>\nLa duraci\u00f3n de las clases es de 30 min, dos d\u00edas por semana.<\/h4>\n<h4>Grupo 1, alumnos entre los 3 y 4 a\u00f1os de edad<br \/>\nGrupo 2, alumnos entre los 4 y 5 a\u00f1os de edad<\/h4>\n<p><a href=\"https:\/\/www.instagram.com\/cmgrappelli\/?hl=es\"><br \/>\n<img loading=\"lazy\" class=\"wp-image-4354 aligncenter\" src=\"http:\/\/grappelli.com\/es\/wp-content\/uploads\/logoinstagram-150x150.png\" alt=\"logoinstagram\" width=\"90\" height=\"90\" \/><\/a><\/p>\n","protected":false},"excerpt":{"rendered":"<p>El Centro Musical Grappelli ofrece un sistema de aprendizaje en el que los ni\u00f1os de 3 a 5 a\u00f1os de edad se involucran y disfrutan. Este programa est\u00e1\u00a0basado en investigaciones y en la experiencia del Centro durante los m\u00e1s de veinte a\u00f1os que viene realizando programas de m\u00fasica Preinstrumental para ni\u00f1os. Las investigaciones y la experiencia demuestran que utilizando el movimiento aumenta la habilidad de los ni\u00f1os de retener el conocimiento. Todo esto ofrece a los ni\u00f1os excelentes oportunidades de convertirse en estudiantes acad\u00e9micos y musicales confiados, y que adem\u00e1s lo expresen con m\u00e1s naturalidad. El programa tambi\u00e9n ense\u00f1a importantes habilidades de auto-regulaci\u00f3n y sociales, as\u00ed como habilidades de escucha, respuesta, trabajo en equipo y de respeto. Las experiencias musicales que el ni\u00f1o adquiere durante esta primera etapa de su formaci\u00f3n, en la que necesita muchos y variados est\u00edmulos, le facilitar\u00e1n las facultades necesarias para otros aprendizajes, contribuir\u00e1n al desarrollo de su personalidad y despertar\u00e1n su sensibilidad est\u00e9tica. El principal objetivo de esta clase es que los alumnos disfruten plenamente de la actividad musical al tiempo que desarrollan sus capacidades: afectivas, sociales, intelectuales, motoras, creativas&#8230; Para alcanzar este objetivo el aprendizaje se realiza a trav\u00e9s del juego, empleando materiales y desarrollando actividades que resultan atractivas y tienen un especial significado para los m\u00e1s peque\u00f1os: cuentos, juegos, canciones infantiles, danzas, rimas y poemas, dibujos, im\u00e1genes\u2026 Los alumnos y alumnas participantes de esta actividad son quienes posteriormente acceden a las clases de instrumento individual, si bien puede ser tomada tambi\u00e9n como otra opci\u00f3n musical, es decir, un contacto temprano con la m\u00fasica pero sin el compromiso de emprender en un futuro el aprendizaje de un instrumento. Las clases se imparten en grupos reducidos de 6 a 8 alumnos. La duraci\u00f3n de las clases es de 30 min, dos d\u00edas por semana. Grupo 1, alumnos entre los 3 y 4 a\u00f1os de edad Grupo 2, alumnos entre los 4 y 5 a\u00f1os de edad<\/p>\n","protected":false},"author":2,"featured_media":0,"parent":0,"menu_order":0,"comment_status":"open","ping_status":"open","template":"","meta":[],"_links":{"self":[{"href":"https:\/\/grappelli.com\/es\/wp-json\/wp\/v2\/pages\/3591"}],"collection":[{"href":"https:\/\/grappelli.com\/es\/wp-json\/wp\/v2\/pages"}],"about":[{"href":"https:\/\/grappelli.com\/es\/wp-json\/wp\/v2\/types\/page"}],"author":[{"embeddable":true,"href":"https:\/\/grappelli.com\/es\/wp-json\/wp\/v2\/users\/2"}],"replies":[{"embeddable":true,"href":"https:\/\/grappelli.com\/es\/wp-json\/wp\/v2\/comments?post=3591"}],"version-history":[{"count":28,"href":"https:\/\/grappelli.com\/es\/wp-json\/wp\/v2\/pages\/3591\/revisions"}],"predecessor-version":[{"id":4873,"href":"https:\/\/grappelli.com\/es\/wp-json\/wp\/v2\/pages\/3591\/revisions\/4873"}],"wp:attachment":[{"href":"https:\/\/grappelli.com\/es\/wp-json\/wp\/v2\/media?parent=3591"}],"curies":[{"name":"wp","href":"https:\/\/api.w.org\/{rel}","templated":true}]}}