{"id":3593,"date":"2013-05-09T11:48:22","date_gmt":"2013-05-09T11:48:22","guid":{"rendered":"http:\/\/grappelli.com\/es\/?page_id=3593"},"modified":"2020-11-16T11:15:12","modified_gmt":"2020-11-16T10:15:12","slug":"lenguaje-musical","status":"publish","type":"page","link":"https:\/\/grappelli.com\/es\/lenguaje-musical","title":{"rendered":"LENGUAJE MUSICAL"},"content":{"rendered":"<h4>El lenguaje musical es la expresi\u00f3n musical escrita, \u00a0el lenguaje por el cual aprendemos a leer y entender una partitura, a interpretar la obra de un compositor.<br \/>\nInstalado en el pentagrama es all\u00ed donde aparecen multitud de signos, s\u00edmbolos, indicaciones&#8230; como la clave, el tempo, el comp\u00e1s, las notas, la din\u00e1mica&#8230;<br \/>\nDebemos aprender el significado de todas ellas, y esto se consigue progresivamente.<\/h4>\n<h4>Partiendo del aprendizaje de las notas musicales en el pentagrama iremos ampliando el conocimiento y destreza para leer diferentes combinaciones (intervalos), y entender la duraci\u00f3n de las figuras (negras, blancas, corcheas&#8230;silencios) el significado del puntillo, las ligaduras, las barras de repetici\u00f3n, el calder\u00f3n&#8230;<\/h4>\n<h4>Son much\u00edsimas abreviaturas y signos que el alumno debe entender como un idioma, su formaci\u00f3n instrumental permitir\u00e1 extrapolar el sentido musical t\u00e9cnico al sentido del lenguaje escrito,&#8230; casi sin esfuerzo y con explicaciones muy l\u00f3gicas descubrir\u00e1 c\u00f3mo hallar tonalidades, leer en otras claves, transportar melod\u00edas&#8230;<br \/>\nEl lenguaje musical ampl\u00eda nuestros conocimientos interpretativos.<\/h4>\n<h4>Se trata sin duda de una asignatura o materia indispensable para todo aquel que desee interpretar una partitura, una asignatura que hasta hace bien poco ha sido considerada la materia m\u00e1s \u00e1spera en la formaci\u00f3n de los j\u00f3venes m\u00fasicos, pero la pedagog\u00eda y preparaci\u00f3n de los maestros de hoy en d\u00eda permite que nuestros hijos disfruten tanto como en las clases de instrumento individuales y de grupo. Lo que es innegable es que se trata de una disciplina que imprime constancia, que necesita de la atenci\u00f3n m\u00e1xima y que como en todo&#8230;no hay fruto sin esfuerzo.<\/h4>\n<h4>Estas son las \u00e1reas que se desarrollan en las clases de Lenguaje Musical en el Centro Musical Grappelli<\/h4>\n<ul>\n<li>\n<h4>LECTURA<\/h4>\n<\/li>\n<li>\n<h4>RITMO<\/h4>\n<\/li>\n<li>\n<h4>ENTONACI\u00d3N<\/h4>\n<\/li>\n<li>\n<h4>DICTADO<\/h4>\n<\/li>\n<li>\n<h4>TEOR\u00cdA<\/h4>\n<\/li>\n<li>\n<h4>ARMON\u00cdA (Grado profesional)<\/h4>\n<\/li>\n<li>\n<h4>FORMAS MUSICALES (Grado profesional)<\/h4>\n<\/li>\n<\/ul>\n<div class=\"clear\"><\/div><div class=\"gdl-divider\"><div class=\"scroll-top\">Lenguaje Musical<\/div><\/div>\n<div class=\"message-box-wrapper yellow\"><div class=\"message-box-title\">INFORMACI\u00d3N<\/div><div class=\"message-box-content\">\r\n<ul>\r\n \t<li>Asignatura No obligatoria y Gratuita que ofrece el Centro Musical Grappelli a todos los alumnos matriculados<\/li>\r\n \t<li>Grupo exclusivo de especializaci\u00f3n para los alumnos y alumnas que realizan la prueba de acceso al Grado Profesional del Conservatorio<\/li>\r\n \t<li>Grupo y horario exclusivo de adultos<\/li>\r\n<\/ul>\r\n<\/div><\/div>\n","protected":false},"excerpt":{"rendered":"<p>El lenguaje musical es la expresi\u00f3n musical escrita, \u00a0el lenguaje por el cual aprendemos a leer y entender una partitura, a interpretar la obra de un compositor. Instalado en el pentagrama es all\u00ed donde aparecen multitud de signos, s\u00edmbolos, indicaciones&#8230; como la clave, el tempo, el comp\u00e1s, las notas, la din\u00e1mica&#8230; Debemos aprender el significado de todas ellas, y esto se consigue progresivamente. Partiendo del aprendizaje de las notas musicales en el pentagrama iremos ampliando el conocimiento y destreza para leer diferentes combinaciones (intervalos), y entender la duraci\u00f3n de las figuras (negras, blancas, corcheas&#8230;silencios) el significado del puntillo, las ligaduras, las barras de repetici\u00f3n, el calder\u00f3n&#8230; Son much\u00edsimas abreviaturas y signos que el alumno debe entender como un idioma, su formaci\u00f3n instrumental permitir\u00e1 extrapolar el sentido musical t\u00e9cnico al sentido del lenguaje escrito,&#8230; casi sin esfuerzo y con explicaciones muy l\u00f3gicas descubrir\u00e1 c\u00f3mo hallar tonalidades, leer en otras claves, transportar melod\u00edas&#8230; El lenguaje musical ampl\u00eda nuestros conocimientos interpretativos. Se trata sin duda de una asignatura o materia indispensable para todo aquel que desee interpretar una partitura, una asignatura que hasta hace bien poco ha sido considerada la materia m\u00e1s \u00e1spera en la formaci\u00f3n de los j\u00f3venes m\u00fasicos, pero la pedagog\u00eda y preparaci\u00f3n de los maestros de hoy en d\u00eda permite que nuestros hijos disfruten tanto como en las clases de instrumento individuales y de grupo. Lo que es innegable es que se trata de una disciplina que imprime constancia, que necesita de la atenci\u00f3n m\u00e1xima y que como en todo&#8230;no hay fruto sin esfuerzo. Estas son las \u00e1reas que se desarrollan en las clases de Lenguaje Musical en el Centro Musical Grappelli LECTURA RITMO ENTONACI\u00d3N DICTADO TEOR\u00cdA ARMON\u00cdA (Grado profesional) FORMAS MUSICALES (Grado profesional)<\/p>\n","protected":false},"author":2,"featured_media":0,"parent":0,"menu_order":0,"comment_status":"open","ping_status":"open","template":"","meta":[],"_links":{"self":[{"href":"https:\/\/grappelli.com\/es\/wp-json\/wp\/v2\/pages\/3593"}],"collection":[{"href":"https:\/\/grappelli.com\/es\/wp-json\/wp\/v2\/pages"}],"about":[{"href":"https:\/\/grappelli.com\/es\/wp-json\/wp\/v2\/types\/page"}],"author":[{"embeddable":true,"href":"https:\/\/grappelli.com\/es\/wp-json\/wp\/v2\/users\/2"}],"replies":[{"embeddable":true,"href":"https:\/\/grappelli.com\/es\/wp-json\/wp\/v2\/comments?post=3593"}],"version-history":[{"count":26,"href":"https:\/\/grappelli.com\/es\/wp-json\/wp\/v2\/pages\/3593\/revisions"}],"predecessor-version":[{"id":4884,"href":"https:\/\/grappelli.com\/es\/wp-json\/wp\/v2\/pages\/3593\/revisions\/4884"}],"wp:attachment":[{"href":"https:\/\/grappelli.com\/es\/wp-json\/wp\/v2\/media?parent=3593"}],"curies":[{"name":"wp","href":"https:\/\/api.w.org\/{rel}","templated":true}]}}