{"id":4600,"date":"2020-06-07T11:19:42","date_gmt":"2020-06-07T11:19:42","guid":{"rendered":"http:\/\/grappelli.com\/es\/?page_id=4600"},"modified":"2020-11-16T11:06:55","modified_gmt":"2020-11-16T10:06:55","slug":"clases-online-3","status":"publish","type":"page","link":"https:\/\/grappelli.com\/es\/clases-online-3","title":{"rendered":"CLASES ONLINE"},"content":{"rendered":"<h4 style=\"text-align: justify;\">La tecnolog\u00eda actual permite llevar a cabo el teletrabajo, las clases online, las operaciones telem\u00e1ticas, conferencias, master class, reuniones de empresa&#8230;etc.<\/h4>\n<h4 style=\"text-align: justify;\">Se abre ante nosotros una nueva era, la humanidad debe transformarse y emprender nuevas formas de convivencia e interrelaci\u00f3n que adem\u00e1s respeten las actuales medidas de seguridad recomendadas por\u00a0la Organizaci\u00f3n Mundial de la Salud, y a manejar por tanto las herramientas tecnol\u00f3gicas a nuestro alcance de manera ordenada y moderada para seguir realizando los trabajos que permiten continuar desarrollando y avanzando a la sociedad, en el progreso formativo, laboral, cultural, social y en definitiva el bienestar de todos los individuos que la conforman.<\/h4>\n<h4 style=\"text-align: justify;\">Para nuestro Centro las clases online significan el desarrollo hacia una nueva visi\u00f3n de la ense\u00f1anza musical, una nueva y enriquecedora alternativa pedag\u00f3gica\u00a0 repleta de nuevos recursos que nos permite seguir ofreciendo a todos nuestros alumnos una ense\u00f1anza de calidad desde cualquier punto donde nos encontremos.<\/h4>\n<h3>\n<div class=\"clear\"><\/div><div class=\"gdl-divider\"><div class=\"scroll-top\">clases online<\/div><\/div>\n<\/h3>\n<h3 style=\"text-align: justify;\">Plazo de matriculaci\u00f3n abierto todo el curso<\/h3>\n<ul style=\"text-align: justify;\">\n<li>\n<h4><span style=\"line-height: 13px;\">CLASES ONLINE \u00a0exclusivamente clases de \u00a0instrumento.<\/span><\/h4>\n<\/li>\n<li>\n<h4>Se aconseja recibir un m\u00ednimo de 1 clase presencial mensual (horario a determinar previamente)<\/h4>\n<\/li>\n<li>\n<h4>Horarios \u00a0(10:00h-14:00h\/ 16:00h-22:00h)<\/h4>\n<\/li>\n<li>\n<h4>Matr\u00edcula GRATUITA<\/h4>\n<\/li>\n<\/ul>\n<h3>\n<div class=\"clear\"><\/div><div class=\"gdl-divider\"><div class=\"scroll-top\">informaci\u00f3n<\/div><\/div>\n<\/h3>\n<h3>Para m\u00e1s informaci\u00f3n:<\/h3>\n<ul>\n<li style=\"text-align: justify;\">\n<h3>secretaria@grappelli.com<\/h3>\n<\/li>\n<li style=\"text-align: justify;\">\n<h3>Tlf: 91 464 26 26 \/ 619669687<\/h3>\n<\/li>\n<\/ul>\n","protected":false},"excerpt":{"rendered":"<p>La tecnolog\u00eda actual permite llevar a cabo el teletrabajo, las clases online, las operaciones telem\u00e1ticas, conferencias, master class, reuniones de empresa&#8230;etc. Se abre ante nosotros una nueva era, la humanidad debe transformarse y emprender nuevas formas de convivencia e interrelaci\u00f3n que adem\u00e1s respeten las actuales medidas de seguridad recomendadas por\u00a0la Organizaci\u00f3n Mundial de la Salud, y a manejar por tanto las herramientas tecnol\u00f3gicas a nuestro alcance de manera ordenada y moderada para seguir realizando los trabajos que permiten continuar desarrollando y avanzando a la sociedad, en el progreso formativo, laboral, cultural, social y en definitiva el bienestar de todos los individuos que la conforman. Para nuestro Centro las clases online significan el desarrollo hacia una nueva visi\u00f3n de la ense\u00f1anza musical, una nueva y enriquecedora alternativa pedag\u00f3gica\u00a0 repleta de nuevos recursos que nos permite seguir ofreciendo a todos nuestros alumnos una ense\u00f1anza de calidad desde cualquier punto donde nos encontremos. Plazo de matriculaci\u00f3n abierto todo el curso CLASES ONLINE \u00a0exclusivamente clases de \u00a0instrumento. Se aconseja recibir un m\u00ednimo de 1 clase presencial mensual (horario a determinar previamente) Horarios \u00a0(10:00h-14:00h\/ 16:00h-22:00h) Matr\u00edcula GRATUITA Para m\u00e1s informaci\u00f3n: secretaria@grappelli.com Tlf: 91 464 26 26 \/ 619669687<\/p>\n","protected":false},"author":2,"featured_media":0,"parent":0,"menu_order":0,"comment_status":"open","ping_status":"open","template":"","meta":[],"_links":{"self":[{"href":"https:\/\/grappelli.com\/es\/wp-json\/wp\/v2\/pages\/4600"}],"collection":[{"href":"https:\/\/grappelli.com\/es\/wp-json\/wp\/v2\/pages"}],"about":[{"href":"https:\/\/grappelli.com\/es\/wp-json\/wp\/v2\/types\/page"}],"author":[{"embeddable":true,"href":"https:\/\/grappelli.com\/es\/wp-json\/wp\/v2\/users\/2"}],"replies":[{"embeddable":true,"href":"https:\/\/grappelli.com\/es\/wp-json\/wp\/v2\/comments?post=4600"}],"version-history":[{"count":46,"href":"https:\/\/grappelli.com\/es\/wp-json\/wp\/v2\/pages\/4600\/revisions"}],"predecessor-version":[{"id":4878,"href":"https:\/\/grappelli.com\/es\/wp-json\/wp\/v2\/pages\/4600\/revisions\/4878"}],"wp:attachment":[{"href":"https:\/\/grappelli.com\/es\/wp-json\/wp\/v2\/media?parent=4600"}],"curies":[{"name":"wp","href":"https:\/\/api.w.org\/{rel}","templated":true}]}}