{"id":5023,"date":"2022-05-05T00:23:57","date_gmt":"2022-05-04T22:23:57","guid":{"rendered":"http:\/\/grappelli.com\/es\/?page_id=5023"},"modified":"2022-05-05T01:02:44","modified_gmt":"2022-05-04T23:02:44","slug":"he-leido-y-acepto","status":"publish","type":"page","link":"https:\/\/grappelli.com\/es\/he-leido-y-acepto","title":{"rendered":"Pol\u00edtica de protecci\u00f3n de datos"},"content":{"rendered":"<p>De conformidad con lo dispuesto en la Ley Org\u00e1nica 15\/1999 de protecci\u00f3n de datos de car\u00e1cter personal le informamos;<\/p>\n<p><strong>Formulario de contacto<\/strong>:<br \/>\nEn caso de cumplimentar el formulario de contacto, los datos de car\u00e1cter personal proporcionados quedar\u00e1n incorporados a un fichero para su tratamiento automatizado o no automatizado, con la finalidad de proceder a facilitar los servicios o informaci\u00f3n solicitados, la gesti\u00f3n contable, administrativa y fiscal de los mismos.<\/p>\n<p><strong>Pol\u00edtica de comunicaci\u00f3n<\/strong> <strong>de datos personales de clientes:<br \/>\n<\/strong>Sus datos de car\u00e1cter personal no ser\u00e1n cedidos a otras empresas o a personas ajenas a\u00a0CENTRO MUSICAL GRAPPELLI S.L.<\/p>\n<p><strong>Ejercicio de derechos<\/strong> :<br \/>\nEn cualquier caso, podr\u00e1 ejercer los derechos de acceso, rectificaci\u00f3n, cancelaci\u00f3n y oposici\u00f3n, mediante petici\u00f3n escrita dirigida a\u00a0 CENTRO MUSICAL GRAPPELLI S.L., Calle De Latina n27, 28047 de Madrid, acompa\u00f1ada de una copia de su documento nacional de identidad, pasaporte o equivalente, con el fin de garantizar la correcta protecci\u00f3n de sus datos.<\/p>\n","protected":false},"excerpt":{"rendered":"<p>De conformidad con lo dispuesto en la Ley Org\u00e1nica 15\/1999 de protecci\u00f3n de datos de car\u00e1cter personal le informamos; Formulario de contacto: En caso de cumplimentar el formulario de contacto, los datos de car\u00e1cter personal proporcionados quedar\u00e1n incorporados a un fichero para su tratamiento automatizado o no automatizado, con la finalidad de proceder a facilitar los servicios o informaci\u00f3n solicitados, la gesti\u00f3n contable, administrativa y fiscal de los mismos. Pol\u00edtica de comunicaci\u00f3n de datos personales de clientes: Sus datos de car\u00e1cter personal no ser\u00e1n cedidos a otras empresas o a personas ajenas a\u00a0CENTRO MUSICAL GRAPPELLI S.L. Ejercicio de derechos : En cualquier caso, podr\u00e1 ejercer los derechos de acceso, rectificaci\u00f3n, cancelaci\u00f3n y oposici\u00f3n, mediante petici\u00f3n escrita dirigida a\u00a0 CENTRO MUSICAL GRAPPELLI S.L., Calle De Latina n27, 28047 de Madrid, acompa\u00f1ada de una copia de su documento nacional de identidad, pasaporte o equivalente, con el fin de garantizar la correcta protecci\u00f3n de sus datos.<\/p>\n","protected":false},"author":2,"featured_media":0,"parent":0,"menu_order":0,"comment_status":"closed","ping_status":"closed","template":"","meta":[],"_links":{"self":[{"href":"https:\/\/grappelli.com\/es\/wp-json\/wp\/v2\/pages\/5023"}],"collection":[{"href":"https:\/\/grappelli.com\/es\/wp-json\/wp\/v2\/pages"}],"about":[{"href":"https:\/\/grappelli.com\/es\/wp-json\/wp\/v2\/types\/page"}],"author":[{"embeddable":true,"href":"https:\/\/grappelli.com\/es\/wp-json\/wp\/v2\/users\/2"}],"replies":[{"embeddable":true,"href":"https:\/\/grappelli.com\/es\/wp-json\/wp\/v2\/comments?post=5023"}],"version-history":[{"count":17,"href":"https:\/\/grappelli.com\/es\/wp-json\/wp\/v2\/pages\/5023\/revisions"}],"predecessor-version":[{"id":5046,"href":"https:\/\/grappelli.com\/es\/wp-json\/wp\/v2\/pages\/5023\/revisions\/5046"}],"wp:attachment":[{"href":"https:\/\/grappelli.com\/es\/wp-json\/wp\/v2\/media?parent=5023"}],"curies":[{"name":"wp","href":"https:\/\/api.w.org\/{rel}","templated":true}]}}